{"id":24604,"date":"2024-07-03T13:39:12","date_gmt":"2024-07-03T11:39:12","guid":{"rendered":"https:\/\/mikkra.de\/?page_id=24604"},"modified":"2024-07-03T22:17:06","modified_gmt":"2024-07-03T20:17:06","slug":"unsere-partner","status":"publish","type":"page","link":"https:\/\/sg-md.org\/ru\/unsere-partner\/","title":{"rendered":"\u041d\u0430\u0448\u0438 \u043f\u0430\u0440\u0442\u043d\u0435\u0440\u044b"},"content":{"rendered":"<div data-elementor-type=\"wp-page\" data-elementor-id=\"24604\" class=\"elementor elementor-24604\" data-elementor-post-type=\"page\">\n\t\t\t\t\t\t<section class=\"elementor-section elementor-top-section elementor-element elementor-element-3c37e29 elementor-section-boxed elementor-section-height-default elementor-section-height-default sc_fly_static\" data-id=\"3c37e29\" data-element_type=\"section\" data-e-type=\"section\">\n\t\t\t\t\t\t<div class=\"elementor-container elementor-column-gap-extended\">\n\t\t\t\t\t<div class=\"elementor-column elementor-col-100 elementor-top-column elementor-element elementor-element-2f1ff74 sc_inner_width_none sc_content_align_inherit sc_layouts_column_icons_position_left sc_fly_static\" data-id=\"2f1ff74\" data-element_type=\"column\" data-e-type=\"column\">\n\t\t\t<div class=\"elementor-widget-wrap elementor-element-populated\">\n\t\t\t\t\t\t<div class=\"elementor-element elementor-element-0dc99f3 elementor-position-inline-start elementor-view-default elementor-mobile-position-block-start sc_fly_static elementor-widget elementor-widget-icon-box\" data-id=\"0dc99f3\" data-element_type=\"widget\" data-e-type=\"widget\" data-widget_type=\"icon-box.default\">\n\t\t\t\t<div class=\"elementor-widget-container\">\n\t\t\t\t\t\t\t<div class=\"elementor-icon-box-wrapper\">\n\n\t\t\t\t\t\t<div class=\"elementor-icon-box-icon\">\n\t\t\t\t<a href=\"https:\/\/www.zentralratdjuden.de\/de\/\" target=\"_blank\" class=\"elementor-icon\" tabindex=\"-1\" aria-label=\"\u0426\u0435\u043d\u0442\u0440\u0430\u043b\u044c\u043d\u044b\u0439 \u0441\u043e\u0432\u0435\u0442 \u0435\u0432\u0440\u0435\u0435\u0432\">\n\t\t\t\t<i aria-hidden=\"true\" class=\"fas fa-star-of-david\"><\/i>\t\t\t\t<\/a>\n\t\t\t<\/div>\n\t\t\t\n\t\t\t\t\t\t<div class=\"elementor-icon-box-content\">\n\n\t\t\t\t\t\t\t\t\t<h6 class=\"elementor-icon-box-title\">\n\t\t\t\t\t\t<a href=\"https:\/\/www.zentralratdjuden.de\/de\/\" target=\"_blank\" >\n\t\t\t\t\t\t\t\u0426\u0435\u043d\u0442\u0440\u0430\u043b\u044c\u043d\u044b\u0439 \u0441\u043e\u0432\u0435\u0442 \u0435\u0432\u0440\u0435\u0435\u0432\t\t\t\t\t\t<\/a>\n\t\t\t\t\t<\/h6>\n\t\t\t\t\n\t\t\t\t\n\t\t\t<\/div>\n\t\t\t\n\t\t<\/div>\n\t\t\t\t\t\t<\/div>\n\t\t\t\t<\/div>\n\t\t\t\t<div class=\"elementor-element elementor-element-415529d elementor-position-inline-start elementor-view-default elementor-mobile-position-block-start sc_fly_static elementor-widget elementor-widget-icon-box\" data-id=\"415529d\" data-element_type=\"widget\" data-e-type=\"widget\" data-widget_type=\"icon-box.default\">\n\t\t\t\t<div class=\"elementor-widget-container\">\n\t\t\t\t\t\t\t<div class=\"elementor-icon-box-wrapper\">\n\n\t\t\t\t\t\t<div class=\"elementor-icon-box-icon\">\n\t\t\t\t<a href=\"https:\/\/zwst.org\/de\" target=\"_blank\" class=\"elementor-icon\" tabindex=\"-1\" aria-label=\"\u0426\u0435\u043d\u0442\u0440\u0430\u043b\u044c\u043d\u0430\u044f \u0431\u043b\u0430\u0433\u043e\u0442\u0432\u043e\u0440\u0438\u0442\u0435\u043b\u044c\u043d\u0430\u044f \u043e\u0440\u0433\u0430\u043d\u0438\u0437\u0430\u0446\u0438\u044f \u0435\u0432\u0440\u0435\u0435\u0432 \u0432 \u0413\u0435\u0440\u043c\u0430\u043d\u0438\u0438 e.V.\">\n\t\t\t\t<i aria-hidden=\"true\" class=\"fas fa-star-of-david\"><\/i>\t\t\t\t<\/a>\n\t\t\t<\/div>\n\t\t\t\n\t\t\t\t\t\t<div class=\"elementor-icon-box-content\">\n\n\t\t\t\t\t\t\t\t\t<h6 class=\"elementor-icon-box-title\">\n\t\t\t\t\t\t<a href=\"https:\/\/zwst.org\/de\" target=\"_blank\" >\n\t\t\t\t\t\t\t\u0426\u0435\u043d\u0442\u0440\u0430\u043b\u044c\u043d\u0430\u044f \u0431\u043b\u0430\u0433\u043e\u0442\u0432\u043e\u0440\u0438\u0442\u0435\u043b\u044c\u043d\u0430\u044f \u043e\u0440\u0433\u0430\u043d\u0438\u0437\u0430\u0446\u0438\u044f \u0435\u0432\u0440\u0435\u0435\u0432 \u0432 \u0413\u0435\u0440\u043c\u0430\u043d\u0438\u0438 e.V.\t\t\t\t\t\t<\/a>\n\t\t\t\t\t<\/h6>\n\t\t\t\t\n\t\t\t\t\n\t\t\t<\/div>\n\t\t\t\n\t\t<\/div>\n\t\t\t\t\t\t<\/div>\n\t\t\t\t<\/div>\n\t\t\t\t<div class=\"elementor-element elementor-element-db4a30d elementor-position-inline-start elementor-view-default elementor-mobile-position-block-start sc_fly_static elementor-widget elementor-widget-icon-box\" data-id=\"db4a30d\" data-element_type=\"widget\" data-e-type=\"widget\" data-widget_type=\"icon-box.default\">\n\t\t\t\t<div class=\"elementor-widget-container\">\n\t\t\t\t\t\t\t<div class=\"elementor-icon-box-wrapper\">\n\n\t\t\t\t\t\t<div class=\"elementor-icon-box-icon\">\n\t\t\t\t<a href=\"https:\/\/lv-sachsen-anhalt.de\/\" target=\"_blank\" class=\"elementor-icon\" tabindex=\"-1\" aria-label=\"\u0413\u043e\u0441\u0443\u0434\u0430\u0440\u0441\u0442\u0432\u0435\u043d\u043d\u0430\u044f \u0430\u0441\u0441\u043e\u0446\u0438\u0430\u0446\u0438\u044f \u0435\u0432\u0440\u0435\u0439\u0441\u043a\u0438\u0445 \u043e\u0431\u0449\u0438\u043d \u0421\u0430\u043a\u0441\u043e\u043d\u0438\u0438-\u0410\u043d\u0445\u0430\u043b\u044c\u0442 K.d.\u00f6.R.\">\n\t\t\t\t<i aria-hidden=\"true\" class=\"fas fa-star-of-david\"><\/i>\t\t\t\t<\/a>\n\t\t\t<\/div>\n\t\t\t\n\t\t\t\t\t\t<div class=\"elementor-icon-box-content\">\n\n\t\t\t\t\t\t\t\t\t<h6 class=\"elementor-icon-box-title\">\n\t\t\t\t\t\t<a href=\"https:\/\/lv-sachsen-anhalt.de\/\" target=\"_blank\" >\n\t\t\t\t\t\t\t\u0413\u043e\u0441\u0443\u0434\u0430\u0440\u0441\u0442\u0432\u0435\u043d\u043d\u0430\u044f \u0430\u0441\u0441\u043e\u0446\u0438\u0430\u0446\u0438\u044f \u0435\u0432\u0440\u0435\u0439\u0441\u043a\u0438\u0445 \u043e\u0431\u0449\u0438\u043d \u0421\u0430\u043a\u0441\u043e\u043d\u0438\u0438-\u0410\u043d\u0445\u0430\u043b\u044c\u0442 K.d.\u00f6.R.\t\t\t\t\t\t<\/a>\n\t\t\t\t\t<\/h6>\n\t\t\t\t\n\t\t\t\t\n\t\t\t<\/div>\n\t\t\t\n\t\t<\/div>\n\t\t\t\t\t\t<\/div>\n\t\t\t\t<\/div>\n\t\t\t\t<div class=\"elementor-element elementor-element-67357d7 elementor-position-inline-start elementor-view-default elementor-mobile-position-block-start sc_fly_static elementor-widget elementor-widget-icon-box\" data-id=\"67357d7\" data-element_type=\"widget\" data-e-type=\"widget\" data-widget_type=\"icon-box.default\">\n\t\t\t\t<div class=\"elementor-widget-container\">\n\t\t\t\t\t\t\t<div class=\"elementor-icon-box-wrapper\">\n\n\t\t\t\t\t\t<div class=\"elementor-icon-box-icon\">\n\t\t\t\t<a href=\"https:\/\/www.gruene-zitadelle.de\/\" target=\"_blank\" class=\"elementor-icon\" tabindex=\"-1\" aria-label=\"\u0417\u0435\u043b\u0435\u043d\u0430\u044f \u0446\u0438\u0442\u0430\u0434\u0435\u043b\u044c\">\n\t\t\t\t<i aria-hidden=\"true\" class=\"fas fa-star-of-david\"><\/i>\t\t\t\t<\/a>\n\t\t\t<\/div>\n\t\t\t\n\t\t\t\t\t\t<div class=\"elementor-icon-box-content\">\n\n\t\t\t\t\t\t\t\t\t<h6 class=\"elementor-icon-box-title\">\n\t\t\t\t\t\t<a href=\"https:\/\/www.gruene-zitadelle.de\/\" target=\"_blank\" >\n\t\t\t\t\t\t\t\u0417\u0435\u043b\u0435\u043d\u0430\u044f \u0446\u0438\u0442\u0430\u0434\u0435\u043b\u044c\t\t\t\t\t\t<\/a>\n\t\t\t\t\t<\/h6>\n\t\t\t\t\n\t\t\t\t\n\t\t\t<\/div>\n\t\t\t\n\t\t<\/div>\n\t\t\t\t\t\t<\/div>\n\t\t\t\t<\/div>\n\t\t\t\t<div class=\"elementor-element elementor-element-d33806a elementor-position-inline-start elementor-view-default elementor-mobile-position-block-start sc_fly_static elementor-widget elementor-widget-icon-box\" data-id=\"d33806a\" data-element_type=\"widget\" data-e-type=\"widget\" data-widget_type=\"icon-box.default\">\n\t\t\t\t<div class=\"elementor-widget-container\">\n\t\t\t\t\t\t\t<div class=\"elementor-icon-box-wrapper\">\n\n\t\t\t\t\t\t<div class=\"elementor-icon-box-icon\">\n\t\t\t\t<a href=\"https:\/\/www.jghalle.de\/\" target=\"_blank\" class=\"elementor-icon\" tabindex=\"-1\" aria-label=\"\u0415\u0432\u0440\u0435\u0439\u0441\u043a\u0430\u044f \u043e\u0431\u0449\u0438\u043d\u0430 \u0413\u0430\u043b\u043b\u0435 (\u0417\u0430\u0430\u043b\u0435)\">\n\t\t\t\t<i aria-hidden=\"true\" class=\"fas fa-star-of-david\"><\/i>\t\t\t\t<\/a>\n\t\t\t<\/div>\n\t\t\t\n\t\t\t\t\t\t<div class=\"elementor-icon-box-content\">\n\n\t\t\t\t\t\t\t\t\t<h6 class=\"elementor-icon-box-title\">\n\t\t\t\t\t\t<a href=\"https:\/\/www.jghalle.de\/\" target=\"_blank\" >\n\t\t\t\t\t\t\t\u0415\u0432\u0440\u0435\u0439\u0441\u043a\u0430\u044f \u043e\u0431\u0449\u0438\u043d\u0430 \u0413\u0430\u043b\u043b\u0435 (\u0417\u0430\u0430\u043b\u0435)\t\t\t\t\t\t<\/a>\n\t\t\t\t\t<\/h6>\n\t\t\t\t\n\t\t\t\t\n\t\t\t<\/div>\n\t\t\t\n\t\t<\/div>\n\t\t\t\t\t\t<\/div>\n\t\t\t\t<\/div>\n\t\t\t\t<div class=\"elementor-element elementor-element-c93f6f7 elementor-position-inline-start elementor-view-default elementor-mobile-position-block-start sc_fly_static elementor-widget elementor-widget-icon-box\" data-id=\"c93f6f7\" data-element_type=\"widget\" data-e-type=\"widget\" data-widget_type=\"icon-box.default\">\n\t\t\t\t<div class=\"elementor-widget-container\">\n\t\t\t\t\t\t\t<div class=\"elementor-icon-box-wrapper\">\n\n\t\t\t\t\t\t<div class=\"elementor-icon-box-icon\">\n\t\t\t\t<a href=\"https:\/\/www.magdeburg.de\/index.php?ModID=9&#038;object=tx%7C37.6876.1&#038;FID=698.1095.1&#038;NavID=37.17&#038;La=1\" target=\"_blank\" class=\"elementor-icon\" tabindex=\"-1\" aria-label=\"\u0410\u0441\u0441\u043e\u0446\u0438\u0430\u0446\u0438\u044f &quot;\u041d\u043e\u0432\u0430\u044f \u0441\u0438\u043d\u0430\u0433\u043e\u0433\u0430 \u041c\u0430\u0433\u0434\u0435\u0431\u0443\u0440\u0433\u0430&quot; e.V.\">\n\t\t\t\t<i aria-hidden=\"true\" class=\"fas fa-star-of-david\"><\/i>\t\t\t\t<\/a>\n\t\t\t<\/div>\n\t\t\t\n\t\t\t\t\t\t<div class=\"elementor-icon-box-content\">\n\n\t\t\t\t\t\t\t\t\t<h6 class=\"elementor-icon-box-title\">\n\t\t\t\t\t\t<a href=\"https:\/\/www.magdeburg.de\/index.php?ModID=9&#038;object=tx%7C37.6876.1&#038;FID=698.1095.1&#038;NavID=37.17&#038;La=1\" target=\"_blank\" >\n\t\t\t\t\t\t\t\u0410\u0441\u0441\u043e\u0446\u0438\u0430\u0446\u0438\u044f \"\u041d\u043e\u0432\u0430\u044f \u0441\u0438\u043d\u0430\u0433\u043e\u0433\u0430 \u041c\u0430\u0433\u0434\u0435\u0431\u0443\u0440\u0433\u0430\" e.V.\t\t\t\t\t\t<\/a>\n\t\t\t\t\t<\/h6>\n\t\t\t\t\n\t\t\t\t\n\t\t\t<\/div>\n\t\t\t\n\t\t<\/div>\n\t\t\t\t\t\t<\/div>\n\t\t\t\t<\/div>\n\t\t\t\t\t<\/div>\n\t\t<\/div>\n\t\t\t\t\t<\/div>\n\t\t<\/section>\n\t\t\t\t<\/div>","protected":false},"excerpt":{"rendered":"<p>Zentralrat der J\u00fcden Zentralwohlfahrtsstelle der Juden in Deutschland e.V. Landesverband j\u00fcdischer Gemeinden in Sachsen-Anhalt K.d.\u00f6.R. Gr\u00fcne Zitadelle J\u00fcdische Gemeinde zu Halle (Saale) Der F\u00f6rderverein \"Neue Synagoge Magdeburg\" e.V.<\/p>","protected":false},"author":1,"featured_media":0,"parent":0,"menu_order":0,"comment_status":"closed","ping_status":"closed","template":"","meta":{"give_campaign_id":0,"footnotes":""},"class_list":["post-24604","page","type-page","status-publish","hentry"],"campaignId":"","_links":{"self":[{"href":"https:\/\/sg-md.org\/ru\/wp-json\/wp\/v2\/pages\/24604","targetHints":{"allow":["GET"]}}],"collection":[{"href":"https:\/\/sg-md.org\/ru\/wp-json\/wp\/v2\/pages"}],"about":[{"href":"https:\/\/sg-md.org\/ru\/wp-json\/wp\/v2\/types\/page"}],"author":[{"embeddable":true,"href":"https:\/\/sg-md.org\/ru\/wp-json\/wp\/v2\/users\/1"}],"replies":[{"embeddable":true,"href":"https:\/\/sg-md.org\/ru\/wp-json\/wp\/v2\/comments?post=24604"}],"version-history":[{"count":0,"href":"https:\/\/sg-md.org\/ru\/wp-json\/wp\/v2\/pages\/24604\/revisions"}],"wp:attachment":[{"href":"https:\/\/sg-md.org\/ru\/wp-json\/wp\/v2\/media?parent=24604"}],"curies":[{"name":"wp","href":"https:\/\/api.w.org\/{rel}","templated":true}]}}